{"id":951,"date":"2026-04-27T11:32:35","date_gmt":"2026-04-27T09:32:35","guid":{"rendered":"https:\/\/www.janas-tierhilfe.de\/?page_id=951"},"modified":"2026-04-27T11:32:35","modified_gmt":"2026-04-27T09:32:35","slug":"tierpatenschaft-zoo-neuwied","status":"publish","type":"page","link":"http:\/\/www.janas-tierhilfe.de\/index.php\/tierpatenschaft-zoo-neuwied\/","title":{"rendered":"Tierpatenschaft Zoo Neuwied"},"content":{"rendered":"<p>Pegasus hat die Patenschaft f\u00fcr ein Pandagehege mit (derzeit) 2 roten Pandab\u00e4ren \u00fcbernommen.<\/p>\n<p><img loading=\"lazy\" decoding=\"async\" class=\"alignnone size-large wp-image-874\" src=\"http:\/\/www.janas-tierhilfe.de\/wp-content\/uploads\/2021\/05\/IMG_56641-1-768x1024.jpg\" alt=\"\" width=\"525\" height=\"700\" srcset=\"http:\/\/www.janas-tierhilfe.de\/wp-content\/uploads\/2021\/05\/IMG_56641-1-768x1024.jpg 768w, http:\/\/www.janas-tierhilfe.de\/wp-content\/uploads\/2021\/05\/IMG_56641-1-225x300.jpg 225w, http:\/\/www.janas-tierhilfe.de\/wp-content\/uploads\/2021\/05\/IMG_56641-1-1152x1536.jpg 1152w, http:\/\/www.janas-tierhilfe.de\/wp-content\/uploads\/2021\/05\/IMG_56641-1-1536x2048.jpg 1536w, http:\/\/www.janas-tierhilfe.de\/wp-content\/uploads\/2021\/05\/IMG_56641-1-scaled.jpg 1920w\" sizes=\"auto, (max-width: 525px) 100vw, 525px\" \/> <img loading=\"lazy\" decoding=\"async\" class=\"alignnone size-large wp-image-952\" src=\"http:\/\/www.janas-tierhilfe.de\/wp-content\/uploads\/2026\/04\/IMG_0262-1024x666.jpg\" alt=\"\" width=\"525\" height=\"341\" srcset=\"http:\/\/www.janas-tierhilfe.de\/wp-content\/uploads\/2026\/04\/IMG_0262-1024x666.jpg 1024w, http:\/\/www.janas-tierhilfe.de\/wp-content\/uploads\/2026\/04\/IMG_0262-300x195.jpg 300w, http:\/\/www.janas-tierhilfe.de\/wp-content\/uploads\/2026\/04\/IMG_0262-768x499.jpg 768w, http:\/\/www.janas-tierhilfe.de\/wp-content\/uploads\/2026\/04\/IMG_0262-1536x998.jpg 1536w, http:\/\/www.janas-tierhilfe.de\/wp-content\/uploads\/2026\/04\/IMG_0262.jpg 1554w\" sizes=\"auto, (max-width: 525px) 100vw, 525px\" \/><\/p>\n","protected":false},"excerpt":{"rendered":"<p>Pegasus hat die Patenschaft f\u00fcr ein Pandagehege mit (derzeit) 2 roten Pandab\u00e4ren \u00fcbernommen.<\/p>\n","protected":false},"author":1,"featured_media":0,"parent":0,"menu_order":0,"comment_status":"closed","ping_status":"closed","template":"","meta":{"footnotes":""},"class_list":["post-951","page","type-page","status-publish","hentry"],"_links":{"self":[{"href":"http:\/\/www.janas-tierhilfe.de\/index.php\/wp-json\/wp\/v2\/pages\/951","targetHints":{"allow":["GET"]}}],"collection":[{"href":"http:\/\/www.janas-tierhilfe.de\/index.php\/wp-json\/wp\/v2\/pages"}],"about":[{"href":"http:\/\/www.janas-tierhilfe.de\/index.php\/wp-json\/wp\/v2\/types\/page"}],"author":[{"embeddable":true,"href":"http:\/\/www.janas-tierhilfe.de\/index.php\/wp-json\/wp\/v2\/users\/1"}],"replies":[{"embeddable":true,"href":"http:\/\/www.janas-tierhilfe.de\/index.php\/wp-json\/wp\/v2\/comments?post=951"}],"version-history":[{"count":1,"href":"http:\/\/www.janas-tierhilfe.de\/index.php\/wp-json\/wp\/v2\/pages\/951\/revisions"}],"predecessor-version":[{"id":954,"href":"http:\/\/www.janas-tierhilfe.de\/index.php\/wp-json\/wp\/v2\/pages\/951\/revisions\/954"}],"wp:attachment":[{"href":"http:\/\/www.janas-tierhilfe.de\/index.php\/wp-json\/wp\/v2\/media?parent=951"}],"curies":[{"name":"wp","href":"https:\/\/api.w.org\/{rel}","templated":true}]}}