{"id":934,"date":"2026-04-26T19:15:23","date_gmt":"2026-04-26T17:15:23","guid":{"rendered":"https:\/\/www.janas-tierhilfe.de\/?page_id=934"},"modified":"2026-04-28T12:11:57","modified_gmt":"2026-04-28T10:11:57","slug":"janas-katzencafe","status":"publish","type":"page","link":"http:\/\/www.janas-tierhilfe.de\/index.php\/janas-katzencafe\/","title":{"rendered":"NEU: Janas Katzencaf\u00e9 im Tierheim Koblenz"},"content":{"rendered":"\n<p>Im neuen Anbau des Tierheim Koblenz hat Pegasus ein Katzencaf\u00e9 gesponsert.<\/p>\n\n\n\n<p>Es tr\u00e4gt den Namen:&#8220;Janas Katzencaf\u00e9&#8220; und bietet Besuchern und Katzenfreunden einen Raum, in dem sie ungest\u00f6rt mit Katzen spielen, schmusen und bei einem Kaffee Ausschau halten nach geeigneten Adoptionskatzen. Aug gem\u00fctlichen Sesseln k\u00f6nnen die Katzen bei Rundg\u00e4ngen und Kletter\u00fcbungen beobachtet werden. Bei gutem Wetter \u00f6ffnet die Terrasse &#8211; nat\u00fcrlich &#8222;ausbruchssicher&#8220; gestaltet. <\/p>\n\n\n\n<p>Kopie aus der Tierheim-homepage:<\/p>\n\n\n\n<h2 class=\"wp-block-heading\"><strong>Willkommen in Jana\u2019s Katzencaf\u00e9 \u2013 ein Ort voller W\u00e4rme, Geborgenheit und schnurrender Begegnungen<\/strong><\/h2>\n\n\n\n<p>Manchmal braucht es nur eine sanfte Pfote, ein leises Schnurren und einen Moment der Ruhe, um den Alltag hinter sich zu lassen. Genau diesen Ort m\u00f6chten wir Ihnen mit unserem neuen Katzencaf\u00e9 schenken.<\/p>\n\n\n\n<p>Mit  Liebe, Zeit und Herzblut haben wir einen Raum geschaffen, in dem Mensch und Tier sich auf besondere Weise begegnen k\u00f6nnen. Jana\u2019s Katzencaf\u00e9 ist kein gew\u00f6hnliches Caf\u00e9 \u2013 es ist ein kleines St\u00fcck Zuhause auf Zeit, f\u00fcr unsere Samtpfoten ebenso wie f\u00fcr unsere G\u00e4ste.<\/p>\n\n\n\n<p>In gem\u00fctlicher Atmosph\u00e4re k\u00f6nnen Sie bei einer Tasse Kaffee oder Tee verweilen, einen kleinen Snack genie\u00dfen und dabei unseren tierischen Mitbewohnern ganz nah sein. Die Katzen bewegen sich frei im Caf\u00e9 und entscheiden selbst, ob sie N\u00e4he suchen, spielen oder einfach nur beobachten m\u00f6chten. So entsteht eine stille, ehrliche Verbindung \u2013 ganz ohne Erwartung, auf Augenh\u00f6he.<\/p>\n\n\n\n<p>Das Besondere: Unsere Caf\u00e9-Katzen leben im Tierheim und w\u00fcnschen sich ein liebevolles Zuhause. In Jana\u2019s Katzencaf\u00e9 haben Sie die M\u00f6glichkeit, sie in entspannter Umgebung kennenzulernen \u2013 fernab von Gitterst\u00e4ben, in einem Raum, der Vertrauen und N\u00e4he wachsen l\u00e4sst. Vielleicht entsteht genau hier der erste Funke f\u00fcr einen neuen Anfang auf vier Pfoten.<\/p>\n\n\n\n<p>Da wir unseren Tieren einen gesch\u00fctzten und ruhigen R\u00fcckzugsort bieten m\u00f6chten, ist der Besuch in Jana\u2019s Katzencaf\u00e9 nur nach vorheriger Terminvereinbarung m\u00f6glich. So stellen wir sicher, dass unsere Fellnasen nicht \u00fcberfordert werden \u2013 und jeder Besucher die Zeit bei uns in vollen Z\u00fcgen genie\u00dfen kann.<\/p>\n\n\n\n<p><strong>\u00d6ffnungszeiten:<\/strong><br>Montag, Dienstag, Donnerstag und Freitag von 14:30 bis 16:30 Uhr<br>Samstag von 14:30 bis 16:00 Uhr.<\/p>\n\n\n\n<p><strong>Terminvereinbarung:<\/strong>&nbsp;telefonisch unter 0261 \/ 406380.<\/p>\n\n\n\n<p>Das Caf\u00e9 wird mit der Unterst\u00fctzung engagierter Ehrenamtlicher betrieben, die mit viel Herz daf\u00fcr sorgen, dass sich Zwei- und Vierbeiner gleicherma\u00dfen wohlf\u00fchlen.<\/p>\n\n\n\n<p>Jana\u2019s Katzencaf\u00e9 entstand in Erinnerung an Jana, die Tochter der Familie L\u00f6bbermann. Ihre Liebe zu Katzen und ihr Herz f\u00fcr Tiere leben in diesem besonderen Ort weiter.<br><strong>Ein herzliches Dankesch\u00f6n an die Familie L\u00f6bbermann<\/strong>, die durch ihre Unterst\u00fctzung, ihr Vertrauen und ihr Engagement erm\u00f6glicht hat, dass Jana\u2019s Liebe zu Tieren auf so wundervolle Weise weitergetragen wird.<\/p>\n\n\n\n<p>Wir freuen uns sehr darauf, Sie bei uns begr\u00fc\u00dfen zu d\u00fcrfen \u2013 f\u00fcr sch\u00f6ne Gespr\u00e4che, herzliche Begegnungen und vielleicht sogar einen neuen Anfang auf vier Pfoten.<br>&nbsp;<\/p>\n\n\n<p>Videobeitrag (auf Facebook) zum Katzencaf\u00e9<\/p>\n<div style=\"width: 360px;\" class=\"wp-video\"><video class=\"wp-video-shortcode\" id=\"video-934-1\" width=\"360\" height=\"640\" preload=\"metadata\" controls=\"controls\"><source type=\"video\/mp4\" src=\"http:\/\/www.janas-tierhilfe.de\/wp-content\/uploads\/2026\/04\/VIDEO-Facebook-15-40-45.mp4?_=1\" \/><a href=\"http:\/\/www.janas-tierhilfe.de\/wp-content\/uploads\/2026\/04\/VIDEO-Facebook-15-40-45.mp4\">http:\/\/www.janas-tierhilfe.de\/wp-content\/uploads\/2026\/04\/VIDEO-Facebook-15-40-45.mp4<\/a><\/video><\/div>\n<p>Antenne Koblenz zur Er\u00f6ffnung Interview mit der Tierheim-Leiterin Frau H\u00f6fer<\/p>\n<audio class=\"wp-audio-shortcode\" id=\"audio-934-1\" preload=\"none\" style=\"width: 100%;\" controls=\"controls\"><source type=\"audio\/mpeg\" src=\"http:\/\/www.janas-tierhilfe.de\/wp-content\/uploads\/2026\/04\/250725-Mitschnitt-Katzencafe-1.mp3?_=1\" \/><a href=\"http:\/\/www.janas-tierhilfe.de\/wp-content\/uploads\/2026\/04\/250725-Mitschnitt-Katzencafe-1.mp3\">http:\/\/www.janas-tierhilfe.de\/wp-content\/uploads\/2026\/04\/250725-Mitschnitt-Katzencafe-1.mp3<\/a><\/audio>\n<audio class=\"wp-audio-shortcode\" id=\"audio-934-2\" preload=\"none\" style=\"width: 100%;\" controls=\"controls\"><source type=\"audio\/mpeg\" src=\"http:\/\/www.janas-tierhilfe.de\/wp-content\/uploads\/2026\/04\/250725-Mitschnitt-Katzencafe-2.mp3?_=2\" \/><a href=\"http:\/\/www.janas-tierhilfe.de\/wp-content\/uploads\/2026\/04\/250725-Mitschnitt-Katzencafe-2.mp3\">http:\/\/www.janas-tierhilfe.de\/wp-content\/uploads\/2026\/04\/250725-Mitschnitt-Katzencafe-2.mp3<\/a><\/audio>","protected":false},"excerpt":{"rendered":"<p>Im neuen Anbau des Tierheim Koblenz hat Pegasus ein Katzencaf\u00e9 gesponsert. Es tr\u00e4gt den Namen:&#8220;Janas Katzencaf\u00e9&#8220; und bietet Besuchern und Katzenfreunden einen Raum, in dem sie ungest\u00f6rt mit Katzen spielen, schmusen und bei einem Kaffee Ausschau halten nach geeigneten Adoptionskatzen. Aug gem\u00fctlichen Sesseln k\u00f6nnen die Katzen bei Rundg\u00e4ngen und Kletter\u00fcbungen beobachtet werden. Bei gutem Wetter &hellip; <\/p>\n<p class=\"link-more\"><a href=\"http:\/\/www.janas-tierhilfe.de\/index.php\/janas-katzencafe\/\" class=\"more-link\"><span class=\"screen-reader-text\">\u201eNEU: Janas Katzencaf\u00e9 im Tierheim Koblenz\u201c<\/span> weiterlesen<\/a><\/p>\n","protected":false},"author":1,"featured_media":0,"parent":0,"menu_order":0,"comment_status":"closed","ping_status":"closed","template":"","meta":{"footnotes":""},"class_list":["post-934","page","type-page","status-publish","hentry"],"_links":{"self":[{"href":"http:\/\/www.janas-tierhilfe.de\/index.php\/wp-json\/wp\/v2\/pages\/934","targetHints":{"allow":["GET"]}}],"collection":[{"href":"http:\/\/www.janas-tierhilfe.de\/index.php\/wp-json\/wp\/v2\/pages"}],"about":[{"href":"http:\/\/www.janas-tierhilfe.de\/index.php\/wp-json\/wp\/v2\/types\/page"}],"author":[{"embeddable":true,"href":"http:\/\/www.janas-tierhilfe.de\/index.php\/wp-json\/wp\/v2\/users\/1"}],"replies":[{"embeddable":true,"href":"http:\/\/www.janas-tierhilfe.de\/index.php\/wp-json\/wp\/v2\/comments?post=934"}],"version-history":[{"count":6,"href":"http:\/\/www.janas-tierhilfe.de\/index.php\/wp-json\/wp\/v2\/pages\/934\/revisions"}],"predecessor-version":[{"id":984,"href":"http:\/\/www.janas-tierhilfe.de\/index.php\/wp-json\/wp\/v2\/pages\/934\/revisions\/984"}],"wp:attachment":[{"href":"http:\/\/www.janas-tierhilfe.de\/index.php\/wp-json\/wp\/v2\/media?parent=934"}],"curies":[{"name":"wp","href":"https:\/\/api.w.org\/{rel}","templated":true}]}}