{"id":9,"date":"2018-06-29T13:58:39","date_gmt":"2018-06-29T11:58:39","guid":{"rendered":"http:\/\/sub.janas-tierhilfe.de\/?page_id=9"},"modified":"2021-01-25T14:59:14","modified_gmt":"2021-01-25T13:59:14","slug":"die-idee","status":"publish","type":"page","link":"http:\/\/www.janas-tierhilfe.de\/index.php\/die-idee\/","title":{"rendered":"Idee"},"content":{"rendered":"<p><strong>Die Idee von Janas Tierhilfe: <\/strong>Jana L\u00f6bbermann hatte zeitlebens die Idee, einen Tierhof nach dem Vorbild des Gnadenhofes &#8222;Gut Aiderbichl&#8220; (\u00d6sterreich) in Deutschland aufzubauen. Mit Mariandl\u00b4s Geschichte begann es. Alle ihre beruflichen Ambitionen dienten in erster Linie der Vorbereitung f\u00fcr ein eigenes Gut. Von Schildkr\u00f6ten, M\u00e4usen, Hamstern und Fischen, \u00fcber Katzen, Hunde und Pferde war kein Tier vor ihrer Zuwendung, oder Adoption, sicher.<\/p>\n<p><img loading=\"lazy\" decoding=\"async\" class=\"alignnone size-medium wp-image-84\" src=\"http:\/\/www.janas-tierhilfe.de\/wp-content\/uploads\/2018\/06\/carlo01-300x224.jpg\" alt=\"\" width=\"300\" height=\"224\" srcset=\"http:\/\/www.janas-tierhilfe.de\/wp-content\/uploads\/2018\/06\/carlo01-300x224.jpg 300w, http:\/\/www.janas-tierhilfe.de\/wp-content\/uploads\/2018\/06\/carlo01-768x574.jpg 768w, http:\/\/www.janas-tierhilfe.de\/wp-content\/uploads\/2018\/06\/carlo01-1024x765.jpg 1024w, http:\/\/www.janas-tierhilfe.de\/wp-content\/uploads\/2018\/06\/carlo01-1200x896.jpg 1200w, http:\/\/www.janas-tierhilfe.de\/wp-content\/uploads\/2018\/06\/carlo01.jpg 1296w\" sizes=\"auto, (max-width: 300px) 100vw, 300px\" \/>\u00a0 &#8222;Koks&#8220; und &#8222;Carlo&#8220;<\/p>\n<p>Der Verein &#8222;Pegasus&#8220; wird neben der Pflege dieser Tiere aber auch vielf\u00e4ltige Unterst\u00fctzung anderer Tierhalter und Organisationen \u00fcbernehmen und auf diese Weise Engagement und Andenken ihrer Gr\u00fcnderin pflegen.<\/p>\n\n\n<figure class=\"wp-block-embed is-type-video is-provider-youtube wp-block-embed-youtube wp-embed-aspect-4-3 wp-has-aspect-ratio\"><div class=\"wp-block-embed__wrapper\">\n<iframe loading=\"lazy\" title=\"Gut Aiderbichl: Die Geschichte der Mariandls\" width=\"525\" height=\"295\" src=\"https:\/\/www.youtube.com\/embed\/wPdeYP3qVuk?feature=oembed\" frameborder=\"0\" allow=\"accelerometer; autoplay; clipboard-write; encrypted-media; gyroscope; picture-in-picture; web-share\" referrerpolicy=\"strict-origin-when-cross-origin\" allowfullscreen><\/iframe>\n<\/div><figcaption>Copyright Aiderbichl\/youtube<\/figcaption><\/figure>\n","protected":false},"excerpt":{"rendered":"<p>Die Idee von Janas Tierhilfe: Jana L\u00f6bbermann hatte zeitlebens die Idee, einen Tierhof nach dem Vorbild des Gnadenhofes &#8222;Gut Aiderbichl&#8220; (\u00d6sterreich) in Deutschland aufzubauen. Mit Mariandl\u00b4s Geschichte begann es. Alle ihre beruflichen Ambitionen dienten in erster Linie der Vorbereitung f\u00fcr ein eigenes Gut. Von Schildkr\u00f6ten, M\u00e4usen, Hamstern und Fischen, \u00fcber Katzen, Hunde und Pferde war &hellip; <\/p>\n<p class=\"link-more\"><a href=\"http:\/\/www.janas-tierhilfe.de\/index.php\/die-idee\/\" class=\"more-link\"><span class=\"screen-reader-text\">\u201eIdee\u201c<\/span> weiterlesen<\/a><\/p>\n","protected":false},"author":1,"featured_media":0,"parent":0,"menu_order":0,"comment_status":"closed","ping_status":"closed","template":"","meta":{"footnotes":""},"class_list":["post-9","page","type-page","status-publish","hentry"],"_links":{"self":[{"href":"http:\/\/www.janas-tierhilfe.de\/index.php\/wp-json\/wp\/v2\/pages\/9","targetHints":{"allow":["GET"]}}],"collection":[{"href":"http:\/\/www.janas-tierhilfe.de\/index.php\/wp-json\/wp\/v2\/pages"}],"about":[{"href":"http:\/\/www.janas-tierhilfe.de\/index.php\/wp-json\/wp\/v2\/types\/page"}],"author":[{"embeddable":true,"href":"http:\/\/www.janas-tierhilfe.de\/index.php\/wp-json\/wp\/v2\/users\/1"}],"replies":[{"embeddable":true,"href":"http:\/\/www.janas-tierhilfe.de\/index.php\/wp-json\/wp\/v2\/comments?post=9"}],"version-history":[{"count":19,"href":"http:\/\/www.janas-tierhilfe.de\/index.php\/wp-json\/wp\/v2\/pages\/9\/revisions"}],"predecessor-version":[{"id":825,"href":"http:\/\/www.janas-tierhilfe.de\/index.php\/wp-json\/wp\/v2\/pages\/9\/revisions\/825"}],"wp:attachment":[{"href":"http:\/\/www.janas-tierhilfe.de\/index.php\/wp-json\/wp\/v2\/media?parent=9"}],"curies":[{"name":"wp","href":"https:\/\/api.w.org\/{rel}","templated":true}]}}