{"id":774,"date":"2021-01-24T14:57:42","date_gmt":"2021-01-24T13:57:42","guid":{"rendered":"http:\/\/www.janas-tierhilfe.de\/?page_id=774"},"modified":"2021-01-28T11:54:10","modified_gmt":"2021-01-28T10:54:10","slug":"nics-huehnerhilfe-tettnang","status":"publish","type":"page","link":"http:\/\/www.janas-tierhilfe.de\/index.php\/nics-huehnerhilfe-tettnang\/","title":{"rendered":"Nic\u00b4s H\u00fchnerstadel Tettnang"},"content":{"rendered":"<p>In Tettnang am Bodensee hat der erst 17-j\u00e4hrige Nic Dilger eine Rettungsstation f\u00fcr &#8222;ausgemusterte&#8220; Legehennen aufgebaut. Dort pflegt und betreut er nach der Schule\u00fcber 100 H\u00fchner und verschenkt deren Eier im Ort gegen Spenden.<\/p>\n<p><img loading=\"lazy\" decoding=\"async\" class=\"alignnone size-large wp-image-714\" src=\"http:\/\/www.janas-tierhilfe.de\/wp-content\/uploads\/2020\/11\/H\u00fchnerretter-rotated-e1611490834747-1024x768.jpg\" alt=\"\" width=\"525\" height=\"394\" srcset=\"http:\/\/www.janas-tierhilfe.de\/wp-content\/uploads\/2020\/11\/H\u00fchnerretter-rotated-e1611490834747-1024x768.jpg 1024w, http:\/\/www.janas-tierhilfe.de\/wp-content\/uploads\/2020\/11\/H\u00fchnerretter-rotated-e1611490834747-300x225.jpg 300w, http:\/\/www.janas-tierhilfe.de\/wp-content\/uploads\/2020\/11\/H\u00fchnerretter-rotated-e1611490834747-768x576.jpg 768w, http:\/\/www.janas-tierhilfe.de\/wp-content\/uploads\/2020\/11\/H\u00fchnerretter-rotated-e1611490834747-1536x1152.jpg 1536w, http:\/\/www.janas-tierhilfe.de\/wp-content\/uploads\/2020\/11\/H\u00fchnerretter-rotated-e1611490834747.jpg 2016w\" sizes=\"auto, (max-width: 525px) 100vw, 525px\" \/><\/p>\n<p>Der RZ-Artikel initiierte die Unterst\u00fctzung. Pegasus spendete und hilft beim Aufbau der Au\u00dfenwerbung und einer Spendenaktion f\u00fcr den Kauf eines mobilen H\u00fchnerstalls.<\/p>\n<p>www.nics-huenerstadel.jimdofree.com<\/p>\n\n\n<figure class=\"wp-block-image size-large\"><img loading=\"lazy\" decoding=\"async\" width=\"768\" height=\"1024\" src=\"http:\/\/www.janas-tierhilfe.de\/wp-content\/uploads\/2021\/01\/Nic.2.jpg\" alt=\"\" class=\"wp-image-843\" srcset=\"http:\/\/www.janas-tierhilfe.de\/wp-content\/uploads\/2021\/01\/Nic.2.jpg 768w, http:\/\/www.janas-tierhilfe.de\/wp-content\/uploads\/2021\/01\/Nic.2-225x300.jpg 225w\" sizes=\"auto, (max-width: 767px) 89vw, (max-width: 1000px) 54vw, (max-width: 1071px) 543px, 580px\" \/><\/figure>\n\n\n\n<figure class=\"wp-block-image size-large is-resized\"><img loading=\"lazy\" decoding=\"async\" src=\"http:\/\/www.janas-tierhilfe.de\/wp-content\/uploads\/2021\/01\/Nic.1.jpg\" alt=\"\" class=\"wp-image-844\" width=\"674\" height=\"898\" srcset=\"http:\/\/www.janas-tierhilfe.de\/wp-content\/uploads\/2021\/01\/Nic.1.jpg 768w, http:\/\/www.janas-tierhilfe.de\/wp-content\/uploads\/2021\/01\/Nic.1-225x300.jpg 225w\" sizes=\"auto, (max-width: 674px) 100vw, 674px\" \/><\/figure>\n","protected":false},"excerpt":{"rendered":"<p>In Tettnang am Bodensee hat der erst 17-j\u00e4hrige Nic Dilger eine Rettungsstation f\u00fcr &#8222;ausgemusterte&#8220; Legehennen aufgebaut. Dort pflegt und betreut er nach der Schule\u00fcber 100 H\u00fchner und verschenkt deren Eier im Ort gegen Spenden. Der RZ-Artikel initiierte die Unterst\u00fctzung. Pegasus spendete und hilft beim Aufbau der Au\u00dfenwerbung und einer Spendenaktion f\u00fcr den Kauf eines mobilen &hellip; <\/p>\n<p class=\"link-more\"><a href=\"http:\/\/www.janas-tierhilfe.de\/index.php\/nics-huehnerhilfe-tettnang\/\" class=\"more-link\"><span class=\"screen-reader-text\">\u201eNic\u00b4s H\u00fchnerstadel Tettnang\u201c<\/span> weiterlesen<\/a><\/p>\n","protected":false},"author":1,"featured_media":0,"parent":0,"menu_order":0,"comment_status":"closed","ping_status":"closed","template":"","meta":{"footnotes":""},"class_list":["post-774","page","type-page","status-publish","hentry"],"_links":{"self":[{"href":"http:\/\/www.janas-tierhilfe.de\/index.php\/wp-json\/wp\/v2\/pages\/774","targetHints":{"allow":["GET"]}}],"collection":[{"href":"http:\/\/www.janas-tierhilfe.de\/index.php\/wp-json\/wp\/v2\/pages"}],"about":[{"href":"http:\/\/www.janas-tierhilfe.de\/index.php\/wp-json\/wp\/v2\/types\/page"}],"author":[{"embeddable":true,"href":"http:\/\/www.janas-tierhilfe.de\/index.php\/wp-json\/wp\/v2\/users\/1"}],"replies":[{"embeddable":true,"href":"http:\/\/www.janas-tierhilfe.de\/index.php\/wp-json\/wp\/v2\/comments?post=774"}],"version-history":[{"count":6,"href":"http:\/\/www.janas-tierhilfe.de\/index.php\/wp-json\/wp\/v2\/pages\/774\/revisions"}],"predecessor-version":[{"id":849,"href":"http:\/\/www.janas-tierhilfe.de\/index.php\/wp-json\/wp\/v2\/pages\/774\/revisions\/849"}],"wp:attachment":[{"href":"http:\/\/www.janas-tierhilfe.de\/index.php\/wp-json\/wp\/v2\/media?parent=774"}],"curies":[{"name":"wp","href":"https:\/\/api.w.org\/{rel}","templated":true}]}}