{"id":766,"date":"2021-01-24T14:43:16","date_gmt":"2021-01-24T13:43:16","guid":{"rendered":"http:\/\/www.janas-tierhilfe.de\/?page_id=766"},"modified":"2021-06-14T14:54:14","modified_gmt":"2021-06-14T12:54:14","slug":"tier-gnadenhof-worms","status":"publish","type":"page","link":"http:\/\/www.janas-tierhilfe.de\/index.php\/tier-gnadenhof-worms\/","title":{"rendered":"Tier-Gnadenhof Worms"},"content":{"rendered":"<p>Carry Lerch hat sich mit dem Gnadenhof einen Traum erf\u00fcllt. Durch einen Beitrag im SWR aufmerksam geworden, hat Pegasus 2021 zwei gr\u00f6\u00dfere Spenden \u00fcberwiesen und kooperiert mit dem Tierhof.<\/p>\n<p>Hier das Video des TV-Beitrages<\/p>\n<p><iframe loading=\"lazy\" title=\"Carry und das liebe Vieh - Ein Leben f\u00fcr die Tiere | Mensch Leute | SWR Fernsehen\" width=\"525\" height=\"295\" src=\"https:\/\/www.youtube.com\/embed\/barpYKVzhEw?feature=oembed\" frameborder=\"0\" allow=\"accelerometer; autoplay; clipboard-write; encrypted-media; gyroscope; picture-in-picture; web-share\" referrerpolicy=\"strict-origin-when-cross-origin\" allowfullscreen><\/iframe><\/p>\n<p>\u00a0<\/p>\n<p><img loading=\"lazy\" decoding=\"async\" class=\"alignnone size-large wp-image-767\" src=\"http:\/\/www.janas-tierhilfe.de\/wp-content\/uploads\/2021\/01\/gnadenhof-worms-515x1024.jpeg\" alt=\"\" width=\"515\" height=\"1024\" srcset=\"http:\/\/www.janas-tierhilfe.de\/wp-content\/uploads\/2021\/01\/gnadenhof-worms-515x1024.jpeg 515w, http:\/\/www.janas-tierhilfe.de\/wp-content\/uploads\/2021\/01\/gnadenhof-worms-151x300.jpeg 151w, http:\/\/www.janas-tierhilfe.de\/wp-content\/uploads\/2021\/01\/gnadenhof-worms-768x1526.jpeg 768w, http:\/\/www.janas-tierhilfe.de\/wp-content\/uploads\/2021\/01\/gnadenhof-worms-773x1536.jpeg 773w, http:\/\/www.janas-tierhilfe.de\/wp-content\/uploads\/2021\/01\/gnadenhof-worms-1031x2048.jpeg 1031w, http:\/\/www.janas-tierhilfe.de\/wp-content\/uploads\/2021\/01\/gnadenhof-worms.jpeg 1201w\" sizes=\"auto, (max-width: 515px) 100vw, 515px\" \/><\/p>\n\n\n<figure class=\"wp-block-image size-large\"><img loading=\"lazy\" decoding=\"async\" width=\"768\" height=\"1024\" src=\"http:\/\/www.janas-tierhilfe.de\/wp-content\/uploads\/2021\/05\/IMG_55651-768x1024.jpg\" alt=\"\" class=\"wp-image-875\" srcset=\"http:\/\/www.janas-tierhilfe.de\/wp-content\/uploads\/2021\/05\/IMG_55651-768x1024.jpg 768w, http:\/\/www.janas-tierhilfe.de\/wp-content\/uploads\/2021\/05\/IMG_55651-225x300.jpg 225w, http:\/\/www.janas-tierhilfe.de\/wp-content\/uploads\/2021\/05\/IMG_55651-1152x1536.jpg 1152w, http:\/\/www.janas-tierhilfe.de\/wp-content\/uploads\/2021\/05\/IMG_55651-1536x2048.jpg 1536w, http:\/\/www.janas-tierhilfe.de\/wp-content\/uploads\/2021\/05\/IMG_55651-scaled.jpg 1920w\" sizes=\"auto, (max-width: 767px) 89vw, (max-width: 1000px) 54vw, (max-width: 1071px) 543px, 580px\" \/><\/figure>\n","protected":false},"excerpt":{"rendered":"<p>Carry Lerch hat sich mit dem Gnadenhof einen Traum erf\u00fcllt. Durch einen Beitrag im SWR aufmerksam geworden, hat Pegasus 2021 zwei gr\u00f6\u00dfere Spenden \u00fcberwiesen und kooperiert mit dem Tierhof. Hier das Video des TV-Beitrages \u00a0<\/p>\n","protected":false},"author":1,"featured_media":0,"parent":0,"menu_order":0,"comment_status":"closed","ping_status":"closed","template":"","meta":{"footnotes":""},"class_list":["post-766","page","type-page","status-publish","hentry"],"_links":{"self":[{"href":"http:\/\/www.janas-tierhilfe.de\/index.php\/wp-json\/wp\/v2\/pages\/766","targetHints":{"allow":["GET"]}}],"collection":[{"href":"http:\/\/www.janas-tierhilfe.de\/index.php\/wp-json\/wp\/v2\/pages"}],"about":[{"href":"http:\/\/www.janas-tierhilfe.de\/index.php\/wp-json\/wp\/v2\/types\/page"}],"author":[{"embeddable":true,"href":"http:\/\/www.janas-tierhilfe.de\/index.php\/wp-json\/wp\/v2\/users\/1"}],"replies":[{"embeddable":true,"href":"http:\/\/www.janas-tierhilfe.de\/index.php\/wp-json\/wp\/v2\/comments?post=766"}],"version-history":[{"count":4,"href":"http:\/\/www.janas-tierhilfe.de\/index.php\/wp-json\/wp\/v2\/pages\/766\/revisions"}],"predecessor-version":[{"id":892,"href":"http:\/\/www.janas-tierhilfe.de\/index.php\/wp-json\/wp\/v2\/pages\/766\/revisions\/892"}],"wp:attachment":[{"href":"http:\/\/www.janas-tierhilfe.de\/index.php\/wp-json\/wp\/v2\/media?parent=766"}],"curies":[{"name":"wp","href":"https:\/\/api.w.org\/{rel}","templated":true}]}}