{"id":742,"date":"2021-01-24T13:14:15","date_gmt":"2021-01-24T12:14:15","guid":{"rendered":"http:\/\/www.janas-tierhilfe.de\/?page_id=742"},"modified":"2021-05-18T17:15:49","modified_gmt":"2021-05-18T15:15:49","slug":"eichhoernchen-schutzstation","status":"publish","type":"page","link":"http:\/\/www.janas-tierhilfe.de\/index.php\/eichhoernchen-schutzstation\/","title":{"rendered":"Eichh\u00f6rnchen-Schutzstation in Eckernf\u00f6rde"},"content":{"rendered":"\n<p>2020 hat der Vorstand von Pegasus die Schutzstation in Eckernf\u00f6rde an der Schlei besucht und spontan eine Patenschaft f\u00fcr das verletzte behinderte &#8222;Yoda&#8220; \u00fcbernommen.<\/p>\n\n\n\n<figure class=\"wp-block-image size-large\"><img loading=\"lazy\" decoding=\"async\" width=\"480\" height=\"640\" src=\"http:\/\/www.janas-tierhilfe.de\/wp-content\/uploads\/2021\/01\/Eich.2-rotated.jpg\" alt=\"\" class=\"wp-image-752\" srcset=\"http:\/\/www.janas-tierhilfe.de\/wp-content\/uploads\/2021\/01\/Eich.2-rotated.jpg 480w, http:\/\/www.janas-tierhilfe.de\/wp-content\/uploads\/2021\/01\/Eich.2-225x300.jpg 225w\" sizes=\"auto, (max-width: 480px) 100vw, 480px\" \/><\/figure>\n\n\n\n<figure class=\"wp-block-image size-large\"><img loading=\"lazy\" decoding=\"async\" width=\"480\" height=\"640\" src=\"http:\/\/www.janas-tierhilfe.de\/wp-content\/uploads\/2021\/01\/Eich.1-rotated.jpg\" alt=\"\" class=\"wp-image-751\" srcset=\"http:\/\/www.janas-tierhilfe.de\/wp-content\/uploads\/2021\/01\/Eich.1-rotated.jpg 480w, http:\/\/www.janas-tierhilfe.de\/wp-content\/uploads\/2021\/01\/Eich.1-225x300.jpg 225w\" sizes=\"auto, (max-width: 480px) 100vw, 480px\" \/><figcaption>Infoblatt der schutzstation<\/figcaption><\/figure>\n\n\n\n<figure class=\"wp-block-image size-large\"><img loading=\"lazy\" decoding=\"async\" width=\"1024\" height=\"683\" src=\"http:\/\/www.janas-tierhilfe.de\/wp-content\/uploads\/2021\/01\/IMG_1680.Yoda_-1024x683.jpg\" alt=\"\" class=\"wp-image-754\" srcset=\"http:\/\/www.janas-tierhilfe.de\/wp-content\/uploads\/2021\/01\/IMG_1680.Yoda_-1024x683.jpg 1024w, http:\/\/www.janas-tierhilfe.de\/wp-content\/uploads\/2021\/01\/IMG_1680.Yoda_-300x200.jpg 300w, http:\/\/www.janas-tierhilfe.de\/wp-content\/uploads\/2021\/01\/IMG_1680.Yoda_-768x512.jpg 768w, http:\/\/www.janas-tierhilfe.de\/wp-content\/uploads\/2021\/01\/IMG_1680.Yoda_-1536x1024.jpg 1536w, http:\/\/www.janas-tierhilfe.de\/wp-content\/uploads\/2021\/01\/IMG_1680.Yoda_-2048x1365.jpg 2048w\" sizes=\"auto, (max-width: 767px) 89vw, (max-width: 1000px) 54vw, (max-width: 1071px) 543px, 580px\" \/><\/figure>\n\n\n\n<p>Joda wurde mit einer Zahnfehlstellung geboren und kann keine N\u00fcsse knacken. Au\u00dferdem verlor er bei einem Unfall Teile seiner Ohren. <\/p>\n","protected":false},"excerpt":{"rendered":"<p>2020 hat der Vorstand von Pegasus die Schutzstation in Eckernf\u00f6rde an der Schlei besucht und spontan eine Patenschaft f\u00fcr das verletzte behinderte &#8222;Yoda&#8220; \u00fcbernommen. Joda wurde mit einer Zahnfehlstellung geboren und kann keine N\u00fcsse knacken. Au\u00dferdem verlor er bei einem Unfall Teile seiner Ohren.<\/p>\n","protected":false},"author":1,"featured_media":0,"parent":0,"menu_order":0,"comment_status":"closed","ping_status":"closed","template":"","meta":{"footnotes":""},"class_list":["post-742","page","type-page","status-publish","hentry"],"_links":{"self":[{"href":"http:\/\/www.janas-tierhilfe.de\/index.php\/wp-json\/wp\/v2\/pages\/742","targetHints":{"allow":["GET"]}}],"collection":[{"href":"http:\/\/www.janas-tierhilfe.de\/index.php\/wp-json\/wp\/v2\/pages"}],"about":[{"href":"http:\/\/www.janas-tierhilfe.de\/index.php\/wp-json\/wp\/v2\/types\/page"}],"author":[{"embeddable":true,"href":"http:\/\/www.janas-tierhilfe.de\/index.php\/wp-json\/wp\/v2\/users\/1"}],"replies":[{"embeddable":true,"href":"http:\/\/www.janas-tierhilfe.de\/index.php\/wp-json\/wp\/v2\/comments?post=742"}],"version-history":[{"count":6,"href":"http:\/\/www.janas-tierhilfe.de\/index.php\/wp-json\/wp\/v2\/pages\/742\/revisions"}],"predecessor-version":[{"id":868,"href":"http:\/\/www.janas-tierhilfe.de\/index.php\/wp-json\/wp\/v2\/pages\/742\/revisions\/868"}],"wp:attachment":[{"href":"http:\/\/www.janas-tierhilfe.de\/index.php\/wp-json\/wp\/v2\/media?parent=742"}],"curies":[{"name":"wp","href":"https:\/\/api.w.org\/{rel}","templated":true}]}}