{"id":697,"date":"2019-09-25T10:43:51","date_gmt":"2019-09-25T08:43:51","guid":{"rendered":"http:\/\/www.janas-tierhilfe.de\/?page_id=697"},"modified":"2021-05-18T17:14:41","modified_gmt":"2021-05-18T15:14:41","slug":"der-pferdehof-im-westerwald","status":"publish","type":"page","link":"http:\/\/www.janas-tierhilfe.de\/index.php\/der-pferdehof-im-westerwald\/","title":{"rendered":"Der Pferdehof im Westerwald"},"content":{"rendered":"<p>Seit Anfang 2019 unterst\u00fctzt Pegasus die Planung, den Umzug und die Ausstattung des Reiterhofes &#8222;R\u00fcckerhof&#8220; in Welschneudorf. Der Vorstand hat die kompletten Pachtverhandlungen begleitet und abgeschlossen.<\/p>\n<p>Dort haben die Eheleute Gina und Rieke Leiendeker\u00a0 den Reitbetrieb \u00fcbernommen.<\/p>\n<p>www.le-cheval.de<\/p>\n<ul>\n<li>Reittherapie f\u00fcr traumatisierte oder behinderte Menschen.<\/li>\n<li>Therapie f\u00fcr allergische oder kranke Pferde.<\/li>\n<\/ul>\n<p>Pegasus unterst\u00fctzt u.a. einen professionellen Heubedampfer und hat eine Inhalationskammer f\u00fcr Soletherapie bauen lassen;\u00a0 Eine Heuraufe und verschiedene M\u00f6bel wurden f\u00fcr den Hof gestiftet.<\/p>\n<p><img loading=\"lazy\" decoding=\"async\" class=\"alignnone size-full wp-image-687\" src=\"http:\/\/www.janas-tierhilfe.de\/wp-content\/uploads\/2019\/09\/HG-2000v3_600x600.jpg\" alt=\"\" width=\"600\" height=\"450\" srcset=\"http:\/\/www.janas-tierhilfe.de\/wp-content\/uploads\/2019\/09\/HG-2000v3_600x600.jpg 600w, http:\/\/www.janas-tierhilfe.de\/wp-content\/uploads\/2019\/09\/HG-2000v3_600x600-300x225.jpg 300w\" sizes=\"auto, (max-width: 600px) 100vw, 600px\" \/><\/p>\n\n\n<p>Im Reitstall R\u00fcckerhof in Welschneudorf entsteht ein Therapiezentrum f\u00fcr Pferde, das der Verein seit 2018 unterst\u00fctzt:<\/p>\n\n\n\n<p>Die klare H\u00f6henluft im Westerwald sorgt f\u00fcr ideale Voraussetzungen.<\/p>\n\n\n\n<p>Ein professioneller Heubedampfer hilft allergieanf\u00e4lligen Pferden bei der Futteraufnahme: Hay-Gayn 6000. Pegasus hat ihn zur H\u00e4lfte mitfinanziert<\/p>\n\n\n\n<p>Seit 2020 gibt es im R\u00fcckerhof eine Soletherapie-Inhalationsbox zur Behandlung von Allergien und zur F\u00f6rderung der Pferdegesundheit. Die Kammer hat Pegasus bauen lassen und vorfinanziert. Der Reitstall zahlt lediglich eine kleine Nutzungsgeb\u00fchr.<\/p>\n\n\n\n<figure class=\"wp-block-image size-large\"><img loading=\"lazy\" decoding=\"async\" width=\"480\" height=\"640\" src=\"http:\/\/www.janas-tierhilfe.de\/wp-content\/uploads\/2021\/01\/Sole.4-rotated.jpg\" alt=\"\" class=\"wp-image-759\" srcset=\"http:\/\/www.janas-tierhilfe.de\/wp-content\/uploads\/2021\/01\/Sole.4-rotated.jpg 480w, http:\/\/www.janas-tierhilfe.de\/wp-content\/uploads\/2021\/01\/Sole.4-225x300.jpg 225w\" sizes=\"auto, (max-width: 480px) 100vw, 480px\" \/><\/figure>\n\n\n\n<figure class=\"wp-block-image size-large\"><img loading=\"lazy\" decoding=\"async\" width=\"640\" height=\"480\" src=\"http:\/\/www.janas-tierhilfe.de\/wp-content\/uploads\/2021\/01\/Sole.3.jpg\" alt=\"\" class=\"wp-image-758\" srcset=\"http:\/\/www.janas-tierhilfe.de\/wp-content\/uploads\/2021\/01\/Sole.3.jpg 640w, http:\/\/www.janas-tierhilfe.de\/wp-content\/uploads\/2021\/01\/Sole.3-300x225.jpg 300w\" sizes=\"auto, (max-width: 640px) 100vw, 640px\" \/><\/figure>\n\n\n\n<figure class=\"wp-block-image size-large\"><img loading=\"lazy\" decoding=\"async\" width=\"480\" height=\"640\" src=\"http:\/\/www.janas-tierhilfe.de\/wp-content\/uploads\/2021\/01\/Sole.2-rotated.jpg\" alt=\"\" class=\"wp-image-757\" srcset=\"http:\/\/www.janas-tierhilfe.de\/wp-content\/uploads\/2021\/01\/Sole.2-rotated.jpg 480w, http:\/\/www.janas-tierhilfe.de\/wp-content\/uploads\/2021\/01\/Sole.2-225x300.jpg 225w\" sizes=\"auto, (max-width: 480px) 100vw, 480px\" \/><\/figure>\n","protected":false},"excerpt":{"rendered":"<p>Seit Anfang 2019 unterst\u00fctzt Pegasus die Planung, den Umzug und die Ausstattung des Reiterhofes &#8222;R\u00fcckerhof&#8220; in Welschneudorf. Der Vorstand hat die kompletten Pachtverhandlungen begleitet und abgeschlossen. Dort haben die Eheleute Gina und Rieke Leiendeker\u00a0 den Reitbetrieb \u00fcbernommen. www.le-cheval.de Reittherapie f\u00fcr traumatisierte oder behinderte Menschen. Therapie f\u00fcr allergische oder kranke Pferde. Pegasus unterst\u00fctzt u.a. einen professionellen &hellip; <\/p>\n<p class=\"link-more\"><a href=\"http:\/\/www.janas-tierhilfe.de\/index.php\/der-pferdehof-im-westerwald\/\" class=\"more-link\"><span class=\"screen-reader-text\">\u201eDer Pferdehof im Westerwald\u201c<\/span> weiterlesen<\/a><\/p>\n","protected":false},"author":1,"featured_media":97,"parent":0,"menu_order":0,"comment_status":"closed","ping_status":"closed","template":"","meta":{"footnotes":""},"class_list":["post-697","page","type-page","status-publish","has-post-thumbnail","hentry"],"_links":{"self":[{"href":"http:\/\/www.janas-tierhilfe.de\/index.php\/wp-json\/wp\/v2\/pages\/697","targetHints":{"allow":["GET"]}}],"collection":[{"href":"http:\/\/www.janas-tierhilfe.de\/index.php\/wp-json\/wp\/v2\/pages"}],"about":[{"href":"http:\/\/www.janas-tierhilfe.de\/index.php\/wp-json\/wp\/v2\/types\/page"}],"author":[{"embeddable":true,"href":"http:\/\/www.janas-tierhilfe.de\/index.php\/wp-json\/wp\/v2\/users\/1"}],"replies":[{"embeddable":true,"href":"http:\/\/www.janas-tierhilfe.de\/index.php\/wp-json\/wp\/v2\/comments?post=697"}],"version-history":[{"count":11,"href":"http:\/\/www.janas-tierhilfe.de\/index.php\/wp-json\/wp\/v2\/pages\/697\/revisions"}],"predecessor-version":[{"id":867,"href":"http:\/\/www.janas-tierhilfe.de\/index.php\/wp-json\/wp\/v2\/pages\/697\/revisions\/867"}],"wp:featuredmedia":[{"embeddable":true,"href":"http:\/\/www.janas-tierhilfe.de\/index.php\/wp-json\/wp\/v2\/media\/97"}],"wp:attachment":[{"href":"http:\/\/www.janas-tierhilfe.de\/index.php\/wp-json\/wp\/v2\/media?parent=697"}],"curies":[{"name":"wp","href":"https:\/\/api.w.org\/{rel}","templated":true}]}}