{"id":39,"date":"2018-06-29T14:17:51","date_gmt":"2018-06-29T12:17:51","guid":{"rendered":"http:\/\/sub.janas-tierhilfe.de\/?page_id=39"},"modified":"2023-11-30T16:57:00","modified_gmt":"2023-11-30T15:57:00","slug":"hilfsaktionen","status":"publish","type":"page","link":"http:\/\/www.janas-tierhilfe.de\/index.php\/hilfsaktionen\/","title":{"rendered":"Hilfsaktionen"},"content":{"rendered":"<p><strong>Hilfsaktionen<\/strong><\/p>\n<p>Aktuell beteiligt sich der Verein an der Verbesserung der gro\u00dfen Hundewiese im Tierheim Koblenz. Mit einer Spende erm\u00f6glichten wir den Kauf eines &#8222;Schattenh\u00e4uschens&#8220; und unterst\u00fctzten den Bau eines Hunde-Schwimmteichs.<\/p>\n<p>F\u00fcr den Fr\u00fchling ist in Kooperation mit einer Baumschule die Anpflanzung eines weiteren gro\u00dfen, Schatten spendenden Baumes auf der Hundewiese geplant.<\/p>\n<p>Am 12.12.2018 wurde eine 6 m \u00a0gro\u00dfe &#8211; Trauerweide gepflanzt. Nicht wegen des Namens, sondern wegen des schnellen Wuchses und der Bodenbeschaffenheit.<\/p>\n<p>Der Verein hat 2 behinderte Hunde zur Pflege aufgenommen.<\/p>\n<p>Die Reparatur von Anjas Auto f\u00fcr die Pflegestelle wurde finanziert.<\/p>\n<p>Im Tierheim wird ein gro\u00dfes Projekt f\u00fcr die Hunde- und Katzenzimmer geplant. Eine Teilnahme am Projekt &#8222;Heimatliebe&#8220; der Sparkasse Koblenz ist in Vorbereitung.<\/p>\n<p>2019 haben wir im Tierheim Koblenz alle Hundezimmer m\u00f6bliert.<\/p>\n<p>2022 alle Katzenzimmer mit Kratzb\u00e4umen und Laufbrettern ausgestattet.<\/p>\n","protected":false},"excerpt":{"rendered":"<p>Hilfsaktionen Aktuell beteiligt sich der Verein an der Verbesserung der gro\u00dfen Hundewiese im Tierheim Koblenz. Mit einer Spende erm\u00f6glichten wir den Kauf eines &#8222;Schattenh\u00e4uschens&#8220; und unterst\u00fctzten den Bau eines Hunde-Schwimmteichs. F\u00fcr den Fr\u00fchling ist in Kooperation mit einer Baumschule die Anpflanzung eines weiteren gro\u00dfen, Schatten spendenden Baumes auf der Hundewiese geplant. Am 12.12.2018 wurde eine &hellip; <\/p>\n<p class=\"link-more\"><a href=\"http:\/\/www.janas-tierhilfe.de\/index.php\/hilfsaktionen\/\" class=\"more-link\"><span class=\"screen-reader-text\">\u201eHilfsaktionen\u201c<\/span> weiterlesen<\/a><\/p>\n","protected":false},"author":1,"featured_media":355,"parent":0,"menu_order":0,"comment_status":"closed","ping_status":"closed","template":"","meta":{"footnotes":""},"class_list":["post-39","page","type-page","status-publish","has-post-thumbnail","hentry"],"_links":{"self":[{"href":"http:\/\/www.janas-tierhilfe.de\/index.php\/wp-json\/wp\/v2\/pages\/39","targetHints":{"allow":["GET"]}}],"collection":[{"href":"http:\/\/www.janas-tierhilfe.de\/index.php\/wp-json\/wp\/v2\/pages"}],"about":[{"href":"http:\/\/www.janas-tierhilfe.de\/index.php\/wp-json\/wp\/v2\/types\/page"}],"author":[{"embeddable":true,"href":"http:\/\/www.janas-tierhilfe.de\/index.php\/wp-json\/wp\/v2\/users\/1"}],"replies":[{"embeddable":true,"href":"http:\/\/www.janas-tierhilfe.de\/index.php\/wp-json\/wp\/v2\/comments?post=39"}],"version-history":[{"count":11,"href":"http:\/\/www.janas-tierhilfe.de\/index.php\/wp-json\/wp\/v2\/pages\/39\/revisions"}],"predecessor-version":[{"id":925,"href":"http:\/\/www.janas-tierhilfe.de\/index.php\/wp-json\/wp\/v2\/pages\/39\/revisions\/925"}],"wp:featuredmedia":[{"embeddable":true,"href":"http:\/\/www.janas-tierhilfe.de\/index.php\/wp-json\/wp\/v2\/media\/355"}],"wp:attachment":[{"href":"http:\/\/www.janas-tierhilfe.de\/index.php\/wp-json\/wp\/v2\/media?parent=39"}],"curies":[{"name":"wp","href":"https:\/\/api.w.org\/{rel}","templated":true}]}}