{"id":27,"date":"2018-06-29T14:05:30","date_gmt":"2018-06-29T12:05:30","guid":{"rendered":"http:\/\/sub.janas-tierhilfe.de\/?page_id=27"},"modified":"2021-01-25T16:13:56","modified_gmt":"2021-01-25T15:13:56","slug":"die-gruenderin","status":"publish","type":"page","link":"http:\/\/www.janas-tierhilfe.de\/index.php\/die-gruenderin\/","title":{"rendered":"Jana: Ein Leben f\u00fcr die Tiere"},"content":{"rendered":"<p><strong><img loading=\"lazy\" decoding=\"async\" class=\"size-medium alignleft wp-image-95\" src=\"http:\/\/www.janas-tierhilfe.de\/wp-content\/uploads\/2018\/06\/jana01-214x300.jpg\" alt=\"\" width=\"214\" height=\"300\" srcset=\"http:\/\/www.janas-tierhilfe.de\/wp-content\/uploads\/2018\/06\/jana01-214x300.jpg 214w, http:\/\/www.janas-tierhilfe.de\/wp-content\/uploads\/2018\/06\/jana01.jpg 223w\" sizes=\"auto, (max-width: 214px) 100vw, 214px\" \/>Jana L\u00f6bbermann<\/strong><\/p>\n<p>Gr\u00fcnderin von \u201ePegasus-Tierhilfe\u201c wurde am 15. Juni 1992 in Koblenz geboren.<\/p>\n<p>Sie studierte Modejournalismus und Medienkommunikation in D\u00fcsseldorf. Ihr Hobby Tiere finanzierte sie durch Jobs bei \u201eAbercrombie &amp; Fitch\u201c und \u201ePandora\u201c. Nach dem Studium sammelte sie erste Berufserfahrung bei \u201eStyle-Ranking\u201c in D\u00fcsseldorf und wechselte 2016 nach M\u00fcnchen zu \u201eRedblue\u201c,\u00a0 Marketing \u2013 Tochter von Saturn\/Media Markt als Redakteurin. Jana starb im April 2018 nach kurzer,\u00a0 schwerer Krankheit im Alter von nur 25 Jahren.<\/p>\n<p>Ihr gesamtes (auch k\u00fcnftiges) Erbe vermachte sie dem von ihr gegr\u00fcndeten Verein Pegasus f\u00fcr die Hilfe bedrohter, oder behinderter Tiere.<\/p>\n<p><img loading=\"lazy\" decoding=\"async\" class=\"wp-image-96  aligncenter\" src=\"http:\/\/www.janas-tierhilfe.de\/wp-content\/uploads\/2018\/06\/pegasus-1.jpg\" alt=\"\" width=\"550\" height=\"497\" srcset=\"http:\/\/www.janas-tierhilfe.de\/wp-content\/uploads\/2018\/06\/pegasus-1.jpg 548w, http:\/\/www.janas-tierhilfe.de\/wp-content\/uploads\/2018\/06\/pegasus-1-300x271.jpg 300w\" sizes=\"auto, (max-width: 550px) 100vw, 550px\" \/><\/p>\n<p><img loading=\"lazy\" decoding=\"async\" class=\"wp-image-377 aligncenter\" src=\"http:\/\/www.janas-tierhilfe.de\/wp-content\/uploads\/2018\/12\/P1000111-225x300.jpg\" alt=\"\" width=\"550\" height=\"733\" srcset=\"http:\/\/www.janas-tierhilfe.de\/wp-content\/uploads\/2018\/12\/P1000111-225x300.jpg 225w, http:\/\/www.janas-tierhilfe.de\/wp-content\/uploads\/2018\/12\/P1000111-768x1024.jpg 768w, http:\/\/www.janas-tierhilfe.de\/wp-content\/uploads\/2018\/12\/P1000111.jpg 1920w\" sizes=\"auto, (max-width: 550px) 100vw, 550px\" \/><\/p>\n\n\n<figure class=\"wp-block-image size-large is-resized\"><img loading=\"lazy\" decoding=\"async\" src=\"http:\/\/www.janas-tierhilfe.de\/wp-content\/uploads\/2021\/01\/P1030129-2-768x1024.jpg\" alt=\"\" class=\"wp-image-817\" width=\"670\" height=\"893\" srcset=\"http:\/\/www.janas-tierhilfe.de\/wp-content\/uploads\/2021\/01\/P1030129-2-768x1024.jpg 768w, http:\/\/www.janas-tierhilfe.de\/wp-content\/uploads\/2021\/01\/P1030129-2-225x300.jpg 225w, http:\/\/www.janas-tierhilfe.de\/wp-content\/uploads\/2021\/01\/P1030129-2-1152x1536.jpg 1152w, http:\/\/www.janas-tierhilfe.de\/wp-content\/uploads\/2021\/01\/P1030129-2-1536x2048.jpg 1536w, http:\/\/www.janas-tierhilfe.de\/wp-content\/uploads\/2021\/01\/P1030129-2.jpg 1920w\" sizes=\"auto, (max-width: 670px) 100vw, 670px\" \/><figcaption>Auf Fogonero<\/figcaption><\/figure>\n","protected":false},"excerpt":{"rendered":"<p>Jana L\u00f6bbermann Gr\u00fcnderin von \u201ePegasus-Tierhilfe\u201c wurde am 15. Juni 1992 in Koblenz geboren. Sie studierte Modejournalismus und Medienkommunikation in D\u00fcsseldorf. Ihr Hobby Tiere finanzierte sie durch Jobs bei \u201eAbercrombie &amp; Fitch\u201c und \u201ePandora\u201c. Nach dem Studium sammelte sie erste Berufserfahrung bei \u201eStyle-Ranking\u201c in D\u00fcsseldorf und wechselte 2016 nach M\u00fcnchen zu \u201eRedblue\u201c,\u00a0 Marketing \u2013 Tochter von &hellip; <\/p>\n<p class=\"link-more\"><a href=\"http:\/\/www.janas-tierhilfe.de\/index.php\/die-gruenderin\/\" class=\"more-link\"><span class=\"screen-reader-text\">\u201eJana: Ein Leben f\u00fcr die Tiere\u201c<\/span> weiterlesen<\/a><\/p>\n","protected":false},"author":1,"featured_media":0,"parent":0,"menu_order":0,"comment_status":"closed","ping_status":"closed","template":"","meta":{"footnotes":""},"class_list":["post-27","page","type-page","status-publish","hentry"],"_links":{"self":[{"href":"http:\/\/www.janas-tierhilfe.de\/index.php\/wp-json\/wp\/v2\/pages\/27","targetHints":{"allow":["GET"]}}],"collection":[{"href":"http:\/\/www.janas-tierhilfe.de\/index.php\/wp-json\/wp\/v2\/pages"}],"about":[{"href":"http:\/\/www.janas-tierhilfe.de\/index.php\/wp-json\/wp\/v2\/types\/page"}],"author":[{"embeddable":true,"href":"http:\/\/www.janas-tierhilfe.de\/index.php\/wp-json\/wp\/v2\/users\/1"}],"replies":[{"embeddable":true,"href":"http:\/\/www.janas-tierhilfe.de\/index.php\/wp-json\/wp\/v2\/comments?post=27"}],"version-history":[{"count":18,"href":"http:\/\/www.janas-tierhilfe.de\/index.php\/wp-json\/wp\/v2\/pages\/27\/revisions"}],"predecessor-version":[{"id":830,"href":"http:\/\/www.janas-tierhilfe.de\/index.php\/wp-json\/wp\/v2\/pages\/27\/revisions\/830"}],"wp:attachment":[{"href":"http:\/\/www.janas-tierhilfe.de\/index.php\/wp-json\/wp\/v2\/media?parent=27"}],"curies":[{"name":"wp","href":"https:\/\/api.w.org\/{rel}","templated":true}]}}