{"id":15,"date":"2018-06-29T14:00:02","date_gmt":"2018-06-29T12:00:02","guid":{"rendered":"http:\/\/sub.janas-tierhilfe.de\/?page_id=15"},"modified":"2023-11-26T11:08:27","modified_gmt":"2023-11-26T10:08:27","slug":"links","status":"publish","type":"page","link":"http:\/\/www.janas-tierhilfe.de\/index.php\/links\/","title":{"rendered":"Links"},"content":{"rendered":"<p>Pegasus \u00fcbernimmt keine Haftung f\u00fcr die Inhalte der nachfolgend verlinkten Seiten, die nur der vertiefenden Information \u00fcber Vereinspartner dienen. Dies gilt auch f\u00fcr k\u00fcnftige \u00c4nderungen der Websites, die nach deren Verlinkung vorgenommen werden.<\/p>\n<p><strong>Vereinstier\u00e4rzte.:<\/strong><\/p>\n<p>Dr. Matthias Br\u00fchl, Trierer Str. 127,KO<\/p>\n<p><strong>LINKS:<\/strong><\/p>\n<p><a href=\"https:\/\/tierheim-koblenz.ev-web.de\">https:\/\/tierheim-koblenz.ev-web.de<\/a><\/p>\n<p><a href=\"https:\/\/www.zooneuwied.de\">https:\/\/www.zooneuwied.de<\/a><\/p>\n<p><a href=\"http:\/\/www.eichhoernchen-eck.de\">http:\/\/www.eichhoernchen-eck.de<\/a><br \/>(Eichh\u00f6rnchen-Schutzstation Eckernf\u00f6rde)<\/p>\n<p><a href=\"http:\/\/www.gnadenhof-worms.de\">gnadenhof-worms.de<\/a><br \/>(High Chaparral)<\/p>\n<p>www. Rettungsdrohne.Info (Rettungsdrohne Rhein-Hunsr\u00fcck e.V.)<\/p>\n<p><a href=\"https:\/\/nics-huehnerstadel.jimdofree.com\">Nics H\u00fchnerstadel<\/a><\/p>\n<p><a href=\"https:\/\/www.heldenfuertiere.de\">Helden f\u00fcr Tiere<\/a><\/p>\n<p><a href=\"http:\/\/www.le-cheval.de\">http:\/\/www.le-cheval.de<\/a><\/p>\n<p><a href=\"http:\/\/www.koblenzer-katzenhilfe.de\/\">http:\/\/www.koblenzer-katzenhilfe.de\/<\/a><\/p>\n<p><a href=\"http:\/\/www.tierhilfe-sara-lanzarote.com\/\">\/<\/a><\/p>\n\n\n<p><\/p>\n","protected":false},"excerpt":{"rendered":"<p>Pegasus \u00fcbernimmt keine Haftung f\u00fcr die Inhalte der nachfolgend verlinkten Seiten, die nur der vertiefenden Information \u00fcber Vereinspartner dienen. Dies gilt auch f\u00fcr k\u00fcnftige \u00c4nderungen der Websites, die nach deren Verlinkung vorgenommen werden. Vereinstier\u00e4rzte.: Dr. Matthias Br\u00fchl, Trierer Str. 127,KO LINKS: https:\/\/tierheim-koblenz.ev-web.de https:\/\/www.zooneuwied.de http:\/\/www.eichhoernchen-eck.de(Eichh\u00f6rnchen-Schutzstation Eckernf\u00f6rde) gnadenhof-worms.de(High Chaparral) www. Rettungsdrohne.Info (Rettungsdrohne Rhein-Hunsr\u00fcck e.V.) Nics H\u00fchnerstadel Helden &hellip; <\/p>\n<p class=\"link-more\"><a href=\"http:\/\/www.janas-tierhilfe.de\/index.php\/links\/\" class=\"more-link\"><span class=\"screen-reader-text\">\u201eLinks\u201c<\/span> weiterlesen<\/a><\/p>\n","protected":false},"author":1,"featured_media":0,"parent":0,"menu_order":0,"comment_status":"closed","ping_status":"closed","template":"","meta":{"footnotes":""},"class_list":["post-15","page","type-page","status-publish","hentry"],"_links":{"self":[{"href":"http:\/\/www.janas-tierhilfe.de\/index.php\/wp-json\/wp\/v2\/pages\/15","targetHints":{"allow":["GET"]}}],"collection":[{"href":"http:\/\/www.janas-tierhilfe.de\/index.php\/wp-json\/wp\/v2\/pages"}],"about":[{"href":"http:\/\/www.janas-tierhilfe.de\/index.php\/wp-json\/wp\/v2\/types\/page"}],"author":[{"embeddable":true,"href":"http:\/\/www.janas-tierhilfe.de\/index.php\/wp-json\/wp\/v2\/users\/1"}],"replies":[{"embeddable":true,"href":"http:\/\/www.janas-tierhilfe.de\/index.php\/wp-json\/wp\/v2\/comments?post=15"}],"version-history":[{"count":21,"href":"http:\/\/www.janas-tierhilfe.de\/index.php\/wp-json\/wp\/v2\/pages\/15\/revisions"}],"predecessor-version":[{"id":916,"href":"http:\/\/www.janas-tierhilfe.de\/index.php\/wp-json\/wp\/v2\/pages\/15\/revisions\/916"}],"wp:attachment":[{"href":"http:\/\/www.janas-tierhilfe.de\/index.php\/wp-json\/wp\/v2\/media?parent=15"}],"curies":[{"name":"wp","href":"https:\/\/api.w.org\/{rel}","templated":true}]}}