{"id":13,"date":"2018-06-29T13:59:48","date_gmt":"2018-06-29T11:59:48","guid":{"rendered":"http:\/\/sub.janas-tierhilfe.de\/?page_id=13"},"modified":"2019-07-27T12:59:59","modified_gmt":"2019-07-27T10:59:59","slug":"aktivitaeten","status":"publish","type":"page","link":"http:\/\/www.janas-tierhilfe.de\/index.php\/aktivitaeten\/","title":{"rendered":"Vereinsaktivit\u00e4ten \/ Projekte"},"content":{"rendered":"<h4>\u00a0<\/h4>\n<p><strong>Schattenbaum f\u00fcr die Hundewiese im Tierheim Koblenz.<\/strong><\/p>\n<p>Am 11. Dezember wurde ein gro\u00dfer Baum auf die noch schattenlose Hundewiese des Tierheim Koblenz gepflanzt. Gemeinsam mit der Baumschule Borowski aus Metternich \u00fcbernimmt Pegasus alle Kosten.<\/p>\n<figure id=\"attachment_355\" aria-describedby=\"caption-attachment-355\" style=\"width: 225px\" class=\"wp-caption alignnone\"><img loading=\"lazy\" decoding=\"async\" class=\"wp-image-355 size-medium\" src=\"http:\/\/www.janas-tierhilfe.de\/wp-content\/uploads\/2018\/12\/XQZO5605-225x300.jpg\" alt=\"\" width=\"225\" height=\"300\" srcset=\"http:\/\/www.janas-tierhilfe.de\/wp-content\/uploads\/2018\/12\/XQZO5605-225x300.jpg 225w, http:\/\/www.janas-tierhilfe.de\/wp-content\/uploads\/2018\/12\/XQZO5605-768x1024.jpg 768w, http:\/\/www.janas-tierhilfe.de\/wp-content\/uploads\/2018\/12\/XQZO5605.jpg 1200w\" sizes=\"auto, (max-width: 225px) 100vw, 225px\" \/><figcaption id=\"caption-attachment-355\" class=\"wp-caption-text\">Fa. Borowski und Vorstand<\/figcaption><\/figure>\n<p>\u00a0<\/p>\n<p>1. Sachspenden f\u00fcr die Pferdepension &#8222;Albrechtshof&#8220; im Wenigerbachtal bei\u00a0Bendorf.<\/p>\n<p>2. Seit Januar 2019 Zusammenarbeit mit SARA, der Tierschutzorganisation auf Lanzarote. vgl. die Seite &#8222;<a href=\"http:\/\/www.janas-tierhilfe.de\/index.php\/sara-tierschutzorga-auf-lanzarote\/\">SARA<\/a>&#8222;<\/p>\n<p><a href=\"http:\/\/www.tierhilfe-sara-lanzarote.com\/\"><img loading=\"lazy\" decoding=\"async\" src=\"http:\/\/www.tierhilfe-sara-lanzarote.com\/templates\/muster\/images\/logo_sara_01.png\" alt=\"Logo\" width=\"484\" height=\"151\" \/><\/a><\/p>\n<p>3. Pferdebetreuung im R\u00fcckerhof im Westerwald<\/p>\n<p>4. Gro\u00dfspende f\u00fcr den neuen &#8222;Hundepool&#8220; im\u00a0 Tierheim Koblenz<\/p>\n<p>5. Sachspenden und Umzugshilfe f\u00fcr den neuen Reitstall &#8222;Le Cheval&#8220;, Welschneudorf;\u00a0 Anschaffung eines neuen Heubedampfers<\/p>\n<p>6.\u00a0 2. Baumpflanzaktion f\u00fcr die Hundewiese im Tierheim Koblenz im Herbst 2019<\/p>\n<p>7. Unterst\u00fctzung der Katzenhilfe Koblenz<\/p>\n<p>8. Neubau eines Katzen-Freigeheges f\u00fcr Carlo,\u00a0Koks und weitere Findelkatzen.<\/p>\n<p>9. Neue M\u00f6bel f\u00fcr die Tierzimmer im Tierheim Koblenz; Sonnensegel\u00a0und Kauf eines &#8222;Schattenh\u00e4uschens&#8220; f\u00fcr die Hundewiese\u00a0im Tierheim KO<\/p>\n<p>10. Augenoperation f\u00fcr Paula, eine H\u00fcndin vom Pferdehof<\/p>\n<p><a href=\"http:\/\/www.janas-tierhilfe.de\/index.php\/sara-tierschutzorga-auf-lanzarote\/\">11. Kooperation mit dem Tierheim Lanzarote &#8222;SARA&#8220;<\/a><\/p>\n<p>12. \u00a0Schimmelstute &#8222;Ruby&#8220; aus einer Insolvenzmasse stand auf einer Kuhweide. Finanzierung diverser Untersuchungen, Hufschmied und Umzug in den Westerwald.<\/p>\n<p>13. &#8222;M\u00e4delsflohmarkt&#8220; in der CGM Arena in Koblenz. im Feb. 19. Verkauf von Kleidung, Schuhen, Schmuck u.a. aus Janas Nachlass zu Gunsten des Vereins.\u00a0<\/p>\n<figure id=\"attachment_497\" aria-describedby=\"caption-attachment-497\" style=\"width: 525px\" class=\"wp-caption alignnone\"><img loading=\"lazy\" decoding=\"async\" class=\"size-large wp-image-497\" src=\"http:\/\/www.janas-tierhilfe.de\/wp-content\/uploads\/2019\/02\/PHOTO-2019-02-15-14-46-19-1024x768.jpg\" alt=\"\" width=\"525\" height=\"394\" srcset=\"http:\/\/www.janas-tierhilfe.de\/wp-content\/uploads\/2019\/02\/PHOTO-2019-02-15-14-46-19-1024x768.jpg 1024w, http:\/\/www.janas-tierhilfe.de\/wp-content\/uploads\/2019\/02\/PHOTO-2019-02-15-14-46-19-300x225.jpg 300w, http:\/\/www.janas-tierhilfe.de\/wp-content\/uploads\/2019\/02\/PHOTO-2019-02-15-14-46-19-768x576.jpg 768w, http:\/\/www.janas-tierhilfe.de\/wp-content\/uploads\/2019\/02\/PHOTO-2019-02-15-14-46-19.jpg 1600w\" sizes=\"auto, (max-width: 525px) 100vw, 525px\" \/><figcaption id=\"caption-attachment-497\" class=\"wp-caption-text\">WWTV filmt und interviewt am Pegasus &#8211; Stand auf dem M\u00e4delsflohmarkt<\/figcaption><\/figure>\n<p><strong>Demn\u00e4chst:<\/strong><\/p>\n<ol>\n<li>Start der Spendenaktion auf der Sparkassen- Plattform &#8222;Heimatliebe&#8220; f\u00fcr das\u00a0 Projekt\u00a0\u00a0\u00a0\u00a0 &#8222;Ruhepl\u00e4tze f\u00fcr die Hundezimmer&#8220; und &#8222;Kletterhilfen f\u00fcr die Katzenzimmer&#8220;\u00a0\u00a0\u00a0\u00a0 im Tierheim Koblenz unter Leitung der Schreinerei J\u00fcrgen Lipinski.<\/li>\n<\/ol>\n\n\n<figure class=\"wp-block-image\"><img loading=\"lazy\" decoding=\"async\" width=\"640\" height=\"480\" src=\"http:\/\/www.janas-tierhilfe.de\/wp-content\/uploads\/2019\/02\/IMG_2161.jpg\" alt=\"\" class=\"wp-image-496\" srcset=\"http:\/\/www.janas-tierhilfe.de\/wp-content\/uploads\/2019\/02\/IMG_2161.jpg 640w, http:\/\/www.janas-tierhilfe.de\/wp-content\/uploads\/2019\/02\/IMG_2161-300x225.jpg 300w\" sizes=\"auto, (max-width: 640px) 100vw, 640px\" \/><figcaption>Marusha (8 Mon.) &nbsp;in der ersten Februarsonne<\/figcaption><\/figure>\n","protected":false},"excerpt":{"rendered":"<p>\u00a0 Schattenbaum f\u00fcr die Hundewiese im Tierheim Koblenz. Am 11. Dezember wurde ein gro\u00dfer Baum auf die noch schattenlose Hundewiese des Tierheim Koblenz gepflanzt. Gemeinsam mit der Baumschule Borowski aus Metternich \u00fcbernimmt Pegasus alle Kosten. \u00a0 1. Sachspenden f\u00fcr die Pferdepension &#8222;Albrechtshof&#8220; im Wenigerbachtal bei\u00a0Bendorf. 2. Seit Januar 2019 Zusammenarbeit mit SARA, der Tierschutzorganisation auf &hellip; <\/p>\n<p class=\"link-more\"><a href=\"http:\/\/www.janas-tierhilfe.de\/index.php\/aktivitaeten\/\" class=\"more-link\"><span class=\"screen-reader-text\">\u201eVereinsaktivit\u00e4ten \/ Projekte\u201c<\/span> weiterlesen<\/a><\/p>\n","protected":false},"author":1,"featured_media":0,"parent":0,"menu_order":0,"comment_status":"closed","ping_status":"closed","template":"","meta":{"footnotes":""},"class_list":["post-13","page","type-page","status-publish","hentry"],"_links":{"self":[{"href":"http:\/\/www.janas-tierhilfe.de\/index.php\/wp-json\/wp\/v2\/pages\/13","targetHints":{"allow":["GET"]}}],"collection":[{"href":"http:\/\/www.janas-tierhilfe.de\/index.php\/wp-json\/wp\/v2\/pages"}],"about":[{"href":"http:\/\/www.janas-tierhilfe.de\/index.php\/wp-json\/wp\/v2\/types\/page"}],"author":[{"embeddable":true,"href":"http:\/\/www.janas-tierhilfe.de\/index.php\/wp-json\/wp\/v2\/users\/1"}],"replies":[{"embeddable":true,"href":"http:\/\/www.janas-tierhilfe.de\/index.php\/wp-json\/wp\/v2\/comments?post=13"}],"version-history":[{"count":44,"href":"http:\/\/www.janas-tierhilfe.de\/index.php\/wp-json\/wp\/v2\/pages\/13\/revisions"}],"predecessor-version":[{"id":682,"href":"http:\/\/www.janas-tierhilfe.de\/index.php\/wp-json\/wp\/v2\/pages\/13\/revisions\/682"}],"wp:attachment":[{"href":"http:\/\/www.janas-tierhilfe.de\/index.php\/wp-json\/wp\/v2\/media?parent=13"}],"curies":[{"name":"wp","href":"https:\/\/api.w.org\/{rel}","templated":true}]}}