{"id":11,"date":"2018-06-29T13:58:59","date_gmt":"2018-06-29T11:58:59","guid":{"rendered":"http:\/\/sub.janas-tierhilfe.de\/?page_id=11"},"modified":"2021-01-24T15:00:14","modified_gmt":"2021-01-24T14:00:14","slug":"der-verein","status":"publish","type":"page","link":"http:\/\/www.janas-tierhilfe.de\/index.php\/der-verein\/","title":{"rendered":"Der Verein"},"content":{"rendered":"<p>Janas Tierhilfe wurde 2006 ins Leben gerufen. Mit Beginn ihrer Erkrankung 2016 traf Jana Vorsorge, diese Idee auf ein gr\u00f6\u00dferes Fundament zu stellen. Ihr Verm\u00f6gen und ihr &#8222;k\u00fcnftiges Erbe&#8220; sollten f\u00fcr das Tierwohl bestimmt sein. Janas Eltern gr\u00fcndeten 2018 den Verein &#8220; Pegasus Janas-Tierhilfe&#8220; zu ihrem Andenken. Es ist ein gemeinn\u00fctziger e.V., dessen Beitr\u00e4ge \/ Spenden steuerlich absetzbar sind.<\/p>\n<p>Jana hat ihre 6 Tiere am 03. April 2018 in die Obhut des Vereins gegeben.<\/p>\n<p><img loading=\"lazy\" decoding=\"async\" class=\"alignnone size-full wp-image-96\" src=\"http:\/\/www.janas-tierhilfe.de\/wp-content\/uploads\/2018\/06\/pegasus-1.jpg\" alt=\"\" width=\"548\" height=\"495\" srcset=\"http:\/\/www.janas-tierhilfe.de\/wp-content\/uploads\/2018\/06\/pegasus-1.jpg 548w, http:\/\/www.janas-tierhilfe.de\/wp-content\/uploads\/2018\/06\/pegasus-1-300x271.jpg 300w\" sizes=\"auto, (max-width: 548px) 100vw, 548px\" \/><\/p>\n","protected":false},"excerpt":{"rendered":"<p>Janas Tierhilfe wurde 2006 ins Leben gerufen. Mit Beginn ihrer Erkrankung 2016 traf Jana Vorsorge, diese Idee auf ein gr\u00f6\u00dferes Fundament zu stellen. Ihr Verm\u00f6gen und ihr &#8222;k\u00fcnftiges Erbe&#8220; sollten f\u00fcr das Tierwohl bestimmt sein. Janas Eltern gr\u00fcndeten 2018 den Verein &#8220; Pegasus Janas-Tierhilfe&#8220; zu ihrem Andenken. Es ist ein gemeinn\u00fctziger e.V., dessen Beitr\u00e4ge \/ &hellip; <\/p>\n<p class=\"link-more\"><a href=\"http:\/\/www.janas-tierhilfe.de\/index.php\/der-verein\/\" class=\"more-link\"><span class=\"screen-reader-text\">\u201eDer Verein\u201c<\/span> weiterlesen<\/a><\/p>\n","protected":false},"author":1,"featured_media":0,"parent":0,"menu_order":0,"comment_status":"closed","ping_status":"closed","template":"","meta":{"footnotes":""},"class_list":["post-11","page","type-page","status-publish","hentry"],"_links":{"self":[{"href":"http:\/\/www.janas-tierhilfe.de\/index.php\/wp-json\/wp\/v2\/pages\/11","targetHints":{"allow":["GET"]}}],"collection":[{"href":"http:\/\/www.janas-tierhilfe.de\/index.php\/wp-json\/wp\/v2\/pages"}],"about":[{"href":"http:\/\/www.janas-tierhilfe.de\/index.php\/wp-json\/wp\/v2\/types\/page"}],"author":[{"embeddable":true,"href":"http:\/\/www.janas-tierhilfe.de\/index.php\/wp-json\/wp\/v2\/users\/1"}],"replies":[{"embeddable":true,"href":"http:\/\/www.janas-tierhilfe.de\/index.php\/wp-json\/wp\/v2\/comments?post=11"}],"version-history":[{"count":13,"href":"http:\/\/www.janas-tierhilfe.de\/index.php\/wp-json\/wp\/v2\/pages\/11\/revisions"}],"predecessor-version":[{"id":779,"href":"http:\/\/www.janas-tierhilfe.de\/index.php\/wp-json\/wp\/v2\/pages\/11\/revisions\/779"}],"wp:attachment":[{"href":"http:\/\/www.janas-tierhilfe.de\/index.php\/wp-json\/wp\/v2\/media?parent=11"}],"curies":[{"name":"wp","href":"https:\/\/api.w.org\/{rel}","templated":true}]}}